{"id":63,"date":"2021-09-08T12:45:19","date_gmt":"2021-09-08T10:45:19","guid":{"rendered":"https:\/\/pferdetraining-francakersting.de\/?page_id=63"},"modified":"2025-01-24T17:36:19","modified_gmt":"2025-01-24T16:36:19","slug":"angebot","status":"publish","type":"page","link":"https:\/\/pferdetraining-francakersting.de\/?page_id=63","title":{"rendered":"Angebot"},"content":{"rendered":"\n<p>Ich biete sowohl <strong><a href=\"https:\/\/pferdetraining-francakersting.de\/?page_id=153\">mobilen Unterricht<\/a> <\/strong>f\u00fcr Erwachsene, Jugendliche und Kinder<strong>,<\/strong> als auch <strong><a href=\"https:\/\/pferdetraining-francakersting.de\/?page_id=151\">Tageskurse<\/a><\/strong> f\u00fcr Erwachsene und <strong><a href=\"https:\/\/pferdetraining-francakersting.de\/?page_id=238\">mehrt\u00e4gige Kurse<\/a><\/strong> nach dem Angie<strong>\u00ae<\/strong> Konzept f\u00fcr Kinder und Jugendliche an. Den mobilen Unterricht biete ich im <strong>Kinzigtal und Freiburger Raum<\/strong> an. Kurse sind auch deutschlandweit m\u00f6glich. Auf dem Horberlehof gebe ich Kurse &amp; Unterricht f\u00fcr Kinder und Erwachsene.<\/p>\n\n\n\n<p>Gerne begleite ich dich mit meiner Erfahrung, Intuition und einem gut gef\u00fcllten Methodenkoffer bei deinen individuellen Themen. Neben der<strong> Tellington TTouch\u00ae<\/strong> Methode nutze ich vor allem Elemente aus dem <strong>Centered Riding\u00ae<\/strong> nach Sally Swift, dem <strong>Connected Riding\u00ae<\/strong> nach Peggy Cummings und dem <strong>Clickertraining<\/strong> nach Nina Steigerwald.<\/p>\n\n\n\n<p>Die Basis, um in Kontakt mit sich und dem Pferd zu sein, ist die <strong>bewusste Wahrnehmung <\/strong>von K\u00f6rpersignalen und Emotionen. Die mentale, emotionale und k\u00f6rperliche Gesundheit des Pferd-Mensch-Paares steht deshalb stets im Fokus. Reitpferde zum Beispiel brauchen oft viel Unterst\u00fctzung dabei, kraftvoll und gleichzeitig losgelassen einen Menschen tragen zu k\u00f6nnen. <\/p>\n\n\n\n<p>Wichtige Aspekte meiner Arbeit mit Pferden sind au\u00dferdem positive Erlebnisse, Vertrauen und Beziehung \u2013 und nat\u00fcrlich der <strong>Spa\u00df an der Freude<\/strong>!<br><\/p>\n\n\n\n<p>Neben der Arbeit mit den Pferden biete ich somatische Impulse (f\u00fcr Menschen :-)) in Form von K\u00f6rperarbeit und Bewegungsarten in Workshops, Seminaren und Einzelsessions an.<\/p>\n\n\n\n<p>Kontaktiere mich gerne unter <strong>kontakt(at)pferdetraining-francakersting.de<\/strong><\/p>\n\n\n\n<p><\/p>\n","protected":false},"excerpt":{"rendered":"<p>Ich biete sowohl mobilen Unterricht f\u00fcr Erwachsene, Jugendliche und Kinder, als auch Tageskurse f\u00fcr Erwachsene und mehrt\u00e4gige Kurse nach dem Angie\u00ae Konzept f\u00fcr Kinder und Jugendliche an. Den mobilen Unterricht biete ich im Kinzigtal und Freiburger Raum an. Kurse sind auch deutschlandweit m\u00f6glich. Auf dem Horberlehof gebe ich Kurse &amp; Unterricht f\u00fcr Kinder und Erwachsene. &hellip; <\/p>\n<p class=\"link-more\"><a href=\"https:\/\/pferdetraining-francakersting.de\/?page_id=63\" class=\"more-link\"><span class=\"screen-reader-text\">\u201eAngebot\u201c<\/span> weiterlesen<\/a><\/p>\n","protected":false},"author":1,"featured_media":21,"parent":0,"menu_order":4,"comment_status":"closed","ping_status":"closed","template":"","meta":{"footnotes":""},"class_list":["post-63","page","type-page","status-publish","has-post-thumbnail","hentry"],"_links":{"self":[{"href":"https:\/\/pferdetraining-francakersting.de\/index.php?rest_route=\/wp\/v2\/pages\/63","targetHints":{"allow":["GET"]}}],"collection":[{"href":"https:\/\/pferdetraining-francakersting.de\/index.php?rest_route=\/wp\/v2\/pages"}],"about":[{"href":"https:\/\/pferdetraining-francakersting.de\/index.php?rest_route=\/wp\/v2\/types\/page"}],"author":[{"embeddable":true,"href":"https:\/\/pferdetraining-francakersting.de\/index.php?rest_route=\/wp\/v2\/users\/1"}],"replies":[{"embeddable":true,"href":"https:\/\/pferdetraining-francakersting.de\/index.php?rest_route=%2Fwp%2Fv2%2Fcomments&post=63"}],"version-history":[{"count":26,"href":"https:\/\/pferdetraining-francakersting.de\/index.php?rest_route=\/wp\/v2\/pages\/63\/revisions"}],"predecessor-version":[{"id":564,"href":"https:\/\/pferdetraining-francakersting.de\/index.php?rest_route=\/wp\/v2\/pages\/63\/revisions\/564"}],"wp:featuredmedia":[{"embeddable":true,"href":"https:\/\/pferdetraining-francakersting.de\/index.php?rest_route=\/wp\/v2\/media\/21"}],"wp:attachment":[{"href":"https:\/\/pferdetraining-francakersting.de\/index.php?rest_route=%2Fwp%2Fv2%2Fmedia&parent=63"}],"curies":[{"name":"wp","href":"https:\/\/api.w.org\/{rel}","templated":true}]}}