{"id":151,"date":"2021-09-15T11:57:40","date_gmt":"2021-09-15T09:57:40","guid":{"rendered":"https:\/\/pferdetraining-francakersting.de\/?page_id=151"},"modified":"2025-03-09T20:57:43","modified_gmt":"2025-03-09T19:57:43","slug":"kinder-und-jugendliche","status":"publish","type":"page","link":"https:\/\/pferdetraining-francakersting.de\/?page_id=151","title":{"rendered":"Kurse"},"content":{"rendered":"\n<p>Gerne komme ich f\u00fcr einen  Tages- oder Halbtageskurs an deinen Hof.  F\u00fcr genauere Absprachen \u00fcber Ort, Zeit, Preis und Inhalt schreib mir gerne eine <a href=\"https:\/\/pferdetraining-francakersting.de\/?page_id=36\">E-Mail<\/a>. <\/p>\n\n\n\n<p>W\u00fcnsche zu spezifischen Inhalten sind herzlich willkommen.<\/p>\n\n\n\n<p><strong>Ideen f\u00fcr Schwerpunkte eines Kurses<\/strong>:<\/p>\n\n\n\n<ul class=\"wp-block-list\">\n<li>K\u00f6rperb\u00e4nder<\/li>\n\n\n\n<li>TTouch z.B. TTouch f\u00fcr das Reitpferd, Erste Hilfe mit TTouch<\/li>\n\n\n\n<li>Balance in Bewegung \u2013 F\u00fchren im Lernparcour<\/li>\n\n\n\n<li>Individualkurs &#8211; alle Teilnehmenden bekommen individuellen Unterricht<\/li>\n\n\n\n<li>Achtsamkeit \/ Auszeit mit Pferden<\/li>\n<\/ul>\n\n\n\n<div class=\"wp-block-columns is-layout-flex wp-container-core-columns-is-layout-9d6595d7 wp-block-columns-is-layout-flex\">\n<div class=\"wp-block-column is-layout-flow wp-block-column-is-layout-flow\" style=\"flex-basis:50%\">\n<figure class=\"wp-block-image size-large\"><img loading=\"lazy\" decoding=\"async\" width=\"1024\" height=\"683\" src=\"https:\/\/pferdetraining-francakersting.de\/wp-content\/uploads\/2021\/09\/IMG_6575-1024x683.jpg\" alt=\"\" class=\"wp-image-134\" srcset=\"https:\/\/pferdetraining-francakersting.de\/wp-content\/uploads\/2021\/09\/IMG_6575-1024x683.jpg 1024w, https:\/\/pferdetraining-francakersting.de\/wp-content\/uploads\/2021\/09\/IMG_6575-300x200.jpg 300w, https:\/\/pferdetraining-francakersting.de\/wp-content\/uploads\/2021\/09\/IMG_6575-768x512.jpg 768w, https:\/\/pferdetraining-francakersting.de\/wp-content\/uploads\/2021\/09\/IMG_6575-1536x1024.jpg 1536w, https:\/\/pferdetraining-francakersting.de\/wp-content\/uploads\/2021\/09\/IMG_6575-2048x1365.jpg 2048w\" sizes=\"auto, (max-width: 767px) 89vw, (max-width: 1000px) 54vw, (max-width: 1071px) 543px, 580px\" \/><\/figure>\n<\/div>\n\n\n\n<div class=\"wp-block-column is-layout-flow wp-block-column-is-layout-flow\" style=\"flex-basis:50%\">\n<figure class=\"wp-block-image size-large\"><img loading=\"lazy\" decoding=\"async\" width=\"1024\" height=\"644\" src=\"https:\/\/pferdetraining-francakersting.de\/wp-content\/uploads\/2021\/09\/IMG_5690-1024x644.jpg\" alt=\"\" class=\"wp-image-28\" srcset=\"https:\/\/pferdetraining-francakersting.de\/wp-content\/uploads\/2021\/09\/IMG_5690-1024x644.jpg 1024w, https:\/\/pferdetraining-francakersting.de\/wp-content\/uploads\/2021\/09\/IMG_5690-300x189.jpg 300w, https:\/\/pferdetraining-francakersting.de\/wp-content\/uploads\/2021\/09\/IMG_5690-768x483.jpg 768w, https:\/\/pferdetraining-francakersting.de\/wp-content\/uploads\/2021\/09\/IMG_5690-1536x967.jpg 1536w, https:\/\/pferdetraining-francakersting.de\/wp-content\/uploads\/2021\/09\/IMG_5690-2048x1289.jpg 2048w\" sizes=\"auto, (max-width: 767px) 89vw, (max-width: 1000px) 54vw, (max-width: 1071px) 543px, 580px\" \/><\/figure>\n<\/div>\n<\/div>\n\n\n\n<p>Ein Kurs erm\u00f6glicht oft ein tieferes Eintauchen in die Materie. Der Austausch, das gemeinsame Arbeiten am Pferd und auch allein das Beobachten inspiriert und gibt neue Impulse. Viele Pferde verhalten sich auch anders als in ihrer gewohnten Umgebung bzw. im allt\u00e4glichen Training &#8211; sie sp\u00fcren, dass der Fokus heute ganz bei ihnen ist. Die Atmosph\u00e4re auf so einem Kurs l\u00e4sst oft ungeahntes und neues entstehen, sowohl bei den Pferden als auch bei ihren Menschen.<\/p>\n\n\n\n<figure class=\"wp-block-image size-large\"><img loading=\"lazy\" decoding=\"async\" width=\"1024\" height=\"703\" src=\"https:\/\/pferdetraining-francakersting.de\/wp-content\/uploads\/2021\/11\/DSC07141-1024x703.jpg\" alt=\"\" class=\"wp-image-301\" srcset=\"https:\/\/pferdetraining-francakersting.de\/wp-content\/uploads\/2021\/11\/DSC07141-1024x703.jpg 1024w, https:\/\/pferdetraining-francakersting.de\/wp-content\/uploads\/2021\/11\/DSC07141-300x206.jpg 300w, https:\/\/pferdetraining-francakersting.de\/wp-content\/uploads\/2021\/11\/DSC07141-768x528.jpg 768w, https:\/\/pferdetraining-francakersting.de\/wp-content\/uploads\/2021\/11\/DSC07141-1536x1055.jpg 1536w, https:\/\/pferdetraining-francakersting.de\/wp-content\/uploads\/2021\/11\/DSC07141-2048x1407.jpg 2048w\" sizes=\"auto, (max-width: 767px) 89vw, (max-width: 1000px) 54vw, (max-width: 1071px) 543px, 580px\" \/><figcaption class=\"wp-element-caption\">Am Ende des Kurstages -pure Entspannung<\/figcaption><\/figure>\n","protected":false},"excerpt":{"rendered":"<p>Gerne komme ich f\u00fcr einen Tages- oder Halbtageskurs an deinen Hof. F\u00fcr genauere Absprachen \u00fcber Ort, Zeit, Preis und Inhalt schreib mir gerne eine E-Mail. W\u00fcnsche zu spezifischen Inhalten sind herzlich willkommen. Ideen f\u00fcr Schwerpunkte eines Kurses: Ein Kurs erm\u00f6glicht oft ein tieferes Eintauchen in die Materie. Der Austausch, das gemeinsame Arbeiten am Pferd und &hellip; <\/p>\n<p class=\"link-more\"><a href=\"https:\/\/pferdetraining-francakersting.de\/?page_id=151\" class=\"more-link\"><span class=\"screen-reader-text\">\u201eKurse\u201c<\/span> weiterlesen<\/a><\/p>\n","protected":false},"author":1,"featured_media":123,"parent":63,"menu_order":5,"comment_status":"closed","ping_status":"closed","template":"","meta":{"footnotes":""},"class_list":["post-151","page","type-page","status-publish","has-post-thumbnail","hentry"],"_links":{"self":[{"href":"https:\/\/pferdetraining-francakersting.de\/index.php?rest_route=\/wp\/v2\/pages\/151","targetHints":{"allow":["GET"]}}],"collection":[{"href":"https:\/\/pferdetraining-francakersting.de\/index.php?rest_route=\/wp\/v2\/pages"}],"about":[{"href":"https:\/\/pferdetraining-francakersting.de\/index.php?rest_route=\/wp\/v2\/types\/page"}],"author":[{"embeddable":true,"href":"https:\/\/pferdetraining-francakersting.de\/index.php?rest_route=\/wp\/v2\/users\/1"}],"replies":[{"embeddable":true,"href":"https:\/\/pferdetraining-francakersting.de\/index.php?rest_route=%2Fwp%2Fv2%2Fcomments&post=151"}],"version-history":[{"count":8,"href":"https:\/\/pferdetraining-francakersting.de\/index.php?rest_route=\/wp\/v2\/pages\/151\/revisions"}],"predecessor-version":[{"id":601,"href":"https:\/\/pferdetraining-francakersting.de\/index.php?rest_route=\/wp\/v2\/pages\/151\/revisions\/601"}],"up":[{"embeddable":true,"href":"https:\/\/pferdetraining-francakersting.de\/index.php?rest_route=\/wp\/v2\/pages\/63"}],"wp:featuredmedia":[{"embeddable":true,"href":"https:\/\/pferdetraining-francakersting.de\/index.php?rest_route=\/wp\/v2\/media\/123"}],"wp:attachment":[{"href":"https:\/\/pferdetraining-francakersting.de\/index.php?rest_route=%2Fwp%2Fv2%2Fmedia&parent=151"}],"curies":[{"name":"wp","href":"https:\/\/api.w.org\/{rel}","templated":true}]}}